{"id":42,"date":"2024-08-27T20:22:22","date_gmt":"2024-08-27T20:22:22","guid":{"rendered":"https:\/\/www.latamcargoinsurance.org\/?page_id=42"},"modified":"2024-08-27T22:05:51","modified_gmt":"2024-08-27T22:05:51","slug":"polizas-de-transporte-de-mercancias","status":"publish","type":"page","link":"https:\/\/www.latamcargoinsurance.org\/?page_id=42","title":{"rendered":"P\u00f3lizas de transporte de mercanc\u00edas"},"content":{"rendered":"\n<div style=\"height:var(--wp--preset--spacing--50)\" aria-hidden=\"true\" class=\"wp-block-spacer\"><\/div>\n\n\n\n<div class=\"wp-block-group alignwide has-global-padding is-layout-constrained wp-block-group-is-layout-constrained\">\n<h1 class=\"wp-block-heading alignwide has-large-font-size\" style=\"line-height:1.2\">Tiene como objeto cubrir las p\u00e9rdidas parciales y\/o totales, ocasionadas durante su transporte, bien sea v\u00eda: a\u00e9rea, mar\u00edtima, terrestre, fluvial y\/o f\u00e9rrea desde y hasta cualquier lugar del mundo.<\/h1>\n<\/div>\n","protected":false},"excerpt":{"rendered":"<p>Tiene como objeto cubrir las p\u00e9rdidas parciales y\/o totales, ocasionadas durante su transporte, bien sea v\u00eda: a\u00e9rea, mar\u00edtima, terrestre, fluvial y\/o f\u00e9rrea desde y hasta cualquier lugar del mundo.<\/p>\n","protected":false},"author":1,"featured_media":0,"parent":0,"menu_order":0,"comment_status":"closed","ping_status":"closed","template":"","meta":{"footnotes":""},"class_list":["post-42","page","type-page","status-publish","hentry"],"jetpack_sharing_enabled":true,"_links":{"self":[{"href":"https:\/\/www.latamcargoinsurance.org\/index.php?rest_route=\/wp\/v2\/pages\/42","targetHints":{"allow":["GET"]}}],"collection":[{"href":"https:\/\/www.latamcargoinsurance.org\/index.php?rest_route=\/wp\/v2\/pages"}],"about":[{"href":"https:\/\/www.latamcargoinsurance.org\/index.php?rest_route=\/wp\/v2\/types\/page"}],"author":[{"embeddable":true,"href":"https:\/\/www.latamcargoinsurance.org\/index.php?rest_route=\/wp\/v2\/users\/1"}],"replies":[{"embeddable":true,"href":"https:\/\/www.latamcargoinsurance.org\/index.php?rest_route=%2Fwp%2Fv2%2Fcomments&post=42"}],"version-history":[{"count":5,"href":"https:\/\/www.latamcargoinsurance.org\/index.php?rest_route=\/wp\/v2\/pages\/42\/revisions"}],"predecessor-version":[{"id":81,"href":"https:\/\/www.latamcargoinsurance.org\/index.php?rest_route=\/wp\/v2\/pages\/42\/revisions\/81"}],"wp:attachment":[{"href":"https:\/\/www.latamcargoinsurance.org\/index.php?rest_route=%2Fwp%2Fv2%2Fmedia&parent=42"}],"curies":[{"name":"wp","href":"https:\/\/api.w.org\/{rel}","templated":true}]}}