{"id":32,"date":"2024-08-27T20:23:06","date_gmt":"2024-08-27T20:23:06","guid":{"rendered":"https:\/\/www.latamcargoinsurance.org\/?page_id=32"},"modified":"2024-08-27T21:52:27","modified_gmt":"2024-08-27T21:52:27","slug":"nuestros-servicios","status":"publish","type":"page","link":"https:\/\/www.latamcargoinsurance.org\/?page_id=32","title":{"rendered":"Nuestros Servicios"},"content":{"rendered":"\n<div class=\"wp-block-group alignfull has-base-2-background-color has-background has-global-padding is-layout-constrained wp-container-core-group-is-layout-669513ed wp-block-group-is-layout-constrained\" style=\"margin-top:0;margin-bottom:0;padding-top:var(--wp--preset--spacing--50);padding-right:var(--wp--preset--spacing--50);padding-bottom:var(--wp--preset--spacing--50);padding-left:var(--wp--preset--spacing--50)\">\n<div class=\"wp-block-columns alignwide is-layout-flex wp-container-core-columns-is-layout-d0bbbce0 wp-block-columns-is-layout-flex\">\n<div class=\"wp-block-column is-layout-flow wp-container-core-column-is-layout-e3d1c41b wp-block-column-is-layout-flow\">\n<h2 class=\"wp-block-heading has-text-align-left is-style-asterisk has-body-font-family has-medium-font-size\" style=\"font-style:normal;font-weight:600\">P\u00d3LIZAS DE TRANSPORTE DE MERCANC\u00cdAS<\/h2>\n\n\n\n<p class=\"has-text-align-left\"><\/p>\n\n\n\n<p>Tiene como objeto cubrir las p\u00e9rdidas parciales y\/o totales, ocasionadas durante su transporte, bien sea v\u00eda: a\u00e9rea, mar\u00edtima, terrestre, fluvial y\/o f\u00e9rrea desde y hasta cualquier lugar del mundo.<\/p>\n\n\n\n<ul class=\"wp-block-list\">\n<li><\/li>\n<\/ul>\n\n\n\n<p><\/p>\n<\/div>\n\n\n\n<div class=\"wp-block-column is-layout-flow wp-container-core-column-is-layout-e3d1c41b wp-block-column-is-layout-flow\">\n<h2 class=\"wp-block-heading has-text-align-left is-style-asterisk has-body-font-family has-medium-font-size\" style=\"font-style:normal;font-weight:600\">MERCANC\u00cdAS ASEGURABLES<\/h2>\n\n\n\n<p class=\"has-text-align-left\">Carga general, carga extra dimensionada,<\/p>\n\n\n\n<p>Menaje y efectos personales<\/p>\n\n\n\n<p>Obras de arte (Esculturas, pinturas de alto valor)<\/p>\n\n\n\n<p>Piedras preciosas, oro y plata<\/p>\n\n\n\n<p>Telefon\u00eda celular y tecnolog\u00eda de comunicaciones<\/p>\n\n\n\n<p>Qu\u00edmicos<\/p>\n\n\n\n<p class=\"has-text-align-left\">Perecederos y refrigerados Bebidas<\/p>\n<\/div>\n<\/div>\n<\/div>\n","protected":false},"excerpt":{"rendered":"<p>P\u00d3LIZAS DE TRANSPORTE DE MERCANC\u00cdAS Tiene como objeto cubrir las p\u00e9rdidas parciales y\/o totales, ocasionadas durante su transporte, bien sea v\u00eda: a\u00e9rea, mar\u00edtima, terrestre, fluvial y\/o f\u00e9rrea desde y hasta cualquier lugar del mundo. MERCANC\u00cdAS ASEGURABLES Carga general, carga extra dimensionada, Menaje y efectos personales Obras de arte (Esculturas, pinturas de alto valor) Piedras preciosas, [&hellip;]<\/p>\n","protected":false},"author":1,"featured_media":0,"parent":0,"menu_order":0,"comment_status":"closed","ping_status":"closed","template":"","meta":{"footnotes":""},"class_list":["post-32","page","type-page","status-publish","hentry"],"jetpack_sharing_enabled":true,"_links":{"self":[{"href":"https:\/\/www.latamcargoinsurance.org\/index.php?rest_route=\/wp\/v2\/pages\/32","targetHints":{"allow":["GET"]}}],"collection":[{"href":"https:\/\/www.latamcargoinsurance.org\/index.php?rest_route=\/wp\/v2\/pages"}],"about":[{"href":"https:\/\/www.latamcargoinsurance.org\/index.php?rest_route=\/wp\/v2\/types\/page"}],"author":[{"embeddable":true,"href":"https:\/\/www.latamcargoinsurance.org\/index.php?rest_route=\/wp\/v2\/users\/1"}],"replies":[{"embeddable":true,"href":"https:\/\/www.latamcargoinsurance.org\/index.php?rest_route=%2Fwp%2Fv2%2Fcomments&post=32"}],"version-history":[{"count":5,"href":"https:\/\/www.latamcargoinsurance.org\/index.php?rest_route=\/wp\/v2\/pages\/32\/revisions"}],"predecessor-version":[{"id":77,"href":"https:\/\/www.latamcargoinsurance.org\/index.php?rest_route=\/wp\/v2\/pages\/32\/revisions\/77"}],"wp:attachment":[{"href":"https:\/\/www.latamcargoinsurance.org\/index.php?rest_route=%2Fwp%2Fv2%2Fmedia&parent=32"}],"curies":[{"name":"wp","href":"https:\/\/api.w.org\/{rel}","templated":true}]}}