{"id":31,"date":"2024-08-27T20:06:37","date_gmt":"2024-08-27T20:06:37","guid":{"rendered":"https:\/\/www.latamcargoinsurance.org\/?page_id=31"},"modified":"2024-08-27T21:51:05","modified_gmt":"2024-08-27T21:51:05","slug":"quienes-somos","status":"publish","type":"page","link":"https:\/\/www.latamcargoinsurance.org\/?page_id=31","title":{"rendered":"Quienes Somos"},"content":{"rendered":"\n<div class=\"wp-block-group alignfull has-global-padding is-layout-constrained wp-container-core-group-is-layout-490fa1db wp-block-group-is-layout-constrained\" style=\"padding-top:var(--wp--preset--spacing--50);padding-right:var(--wp--preset--spacing--50);padding-bottom:var(--wp--preset--spacing--50);padding-left:var(--wp--preset--spacing--50)\">\n<p>Somos una compa\u00f1\u00eda Latinoamericana proveedora de seguros de Transporte de Carga Internacional con experiencia por m\u00e1s de 12 a\u00f1os en dise\u00f1ar y personalizar la cobertura correcta para el gremio de Transporte y expertos en Log\u00edstica.<\/p>\n\n\n\n<p>MISI\u00d3N<\/p>\n\n\n\n<p>Proveer en todo momento un seguro eficaz de transporte y log\u00edstica internacional, brindando respaldo en su patrimonio, ofreciendo un servicio integral para obtener un crecimiento sustentable en nuestros clientes.<\/p>\n\n\n\n<p>VISI\u00d3N<\/p>\n\n\n\n<p>Ser l\u00edderes regionales en colocaci\u00f3n de seguros de transporte de mercanc\u00edas, creando una identidad propia en innovaci\u00f3n logrando la satisfacci\u00f3n de nuestros clientes asegurados.<\/p>\n<\/div>\n","protected":false},"excerpt":{"rendered":"<p>Somos una compa\u00f1\u00eda Latinoamericana proveedora de seguros de Transporte de Carga Internacional con experiencia por m\u00e1s de 12 a\u00f1os en dise\u00f1ar y personalizar la cobertura correcta para el gremio de Transporte y expertos en Log\u00edstica. MISI\u00d3N Proveer en todo momento un seguro eficaz de transporte y log\u00edstica internacional, brindando respaldo en su patrimonio, ofreciendo un [&hellip;]<\/p>\n","protected":false},"author":1,"featured_media":0,"parent":0,"menu_order":0,"comment_status":"closed","ping_status":"closed","template":"","meta":{"footnotes":""},"class_list":["post-31","page","type-page","status-publish","hentry"],"jetpack_sharing_enabled":true,"_links":{"self":[{"href":"https:\/\/www.latamcargoinsurance.org\/index.php?rest_route=\/wp\/v2\/pages\/31","targetHints":{"allow":["GET"]}}],"collection":[{"href":"https:\/\/www.latamcargoinsurance.org\/index.php?rest_route=\/wp\/v2\/pages"}],"about":[{"href":"https:\/\/www.latamcargoinsurance.org\/index.php?rest_route=\/wp\/v2\/types\/page"}],"author":[{"embeddable":true,"href":"https:\/\/www.latamcargoinsurance.org\/index.php?rest_route=\/wp\/v2\/users\/1"}],"replies":[{"embeddable":true,"href":"https:\/\/www.latamcargoinsurance.org\/index.php?rest_route=%2Fwp%2Fv2%2Fcomments&post=31"}],"version-history":[{"count":7,"href":"https:\/\/www.latamcargoinsurance.org\/index.php?rest_route=\/wp\/v2\/pages\/31\/revisions"}],"predecessor-version":[{"id":75,"href":"https:\/\/www.latamcargoinsurance.org\/index.php?rest_route=\/wp\/v2\/pages\/31\/revisions\/75"}],"wp:attachment":[{"href":"https:\/\/www.latamcargoinsurance.org\/index.php?rest_route=%2Fwp%2Fv2%2Fmedia&parent=31"}],"curies":[{"name":"wp","href":"https:\/\/api.w.org\/{rel}","templated":true}]}}